{"id":18881,"date":"2023-08-25T14:13:21","date_gmt":"2023-08-25T12:13:21","guid":{"rendered":"https:\/\/www.nlpsicologia.com\/blog-copy\/"},"modified":"2025-08-31T22:53:10","modified_gmt":"2025-08-31T20:53:10","slug":"talleres-adopcion","status":"publish","type":"page","link":"https:\/\/www.nlpsicologia.com\/es\/talleres-adopcion\/","title":{"rendered":"Talleres adopci\u00f3n"},"content":{"rendered":"","protected":false},"excerpt":{"rendered":"","protected":false},"author":9,"featured_media":0,"parent":0,"menu_order":0,"comment_status":"closed","ping_status":"closed","template":"","meta":{"_joinchat":[],"footnotes":""},"class_list":["post-18881","page","type-page","status-publish","hentry"],"yoast_head":"<!-- This site is optimized with the Yoast SEO plugin v25.8 - https:\/\/yoast.com\/wordpress\/plugins\/seo\/ -->\n<title>Blog con Materiales de Psicolog\u00eda |\u00a0NL Psicologia<\/title>\n<meta name=\"description\" content=\"Mi blog de psicolog\u00eda, escritos relacionados con las tem\u00e1ticas en las que trabajo, ofreciendo materiales de psicolog\u00eda en primera persona\" \/>\n<meta name=\"robots\" content=\"index, follow, max-snippet:-1, max-image-preview:large, max-video-preview:-1\" \/>\n<link rel=\"canonical\" href=\"https:\/\/www.nlpsicologia.com\/es\/talleres-adopcion\/\" \/>\n<meta property=\"og:locale\" content=\"es_ES\" \/>\n<meta property=\"og:type\" content=\"article\" \/>\n<meta property=\"og:title\" content=\"Blog con Materiales de Psicolog\u00eda |\u00a0NL Psicologia\" \/>\n<meta property=\"og:description\" content=\"Mi blog de psicolog\u00eda, escritos relacionados con las tem\u00e1ticas en las que trabajo, ofreciendo materiales de psicolog\u00eda en primera persona\" \/>\n<meta property=\"og:url\" content=\"https:\/\/www.nlpsicologia.com\/es\/talleres-adopcion\/\" \/>\n<meta property=\"og:site_name\" content=\"NL Psicologia\" \/>\n<meta property=\"article:modified_time\" content=\"2025-08-31T20:53:10+00:00\" \/>\n<meta name=\"twitter:card\" content=\"summary_large_image\" \/>\n<script type=\"application\/ld+json\" class=\"yoast-schema-graph\">{\"@context\":\"https:\/\/schema.org\",\"@graph\":[{\"@type\":\"WebPage\",\"@id\":\"https:\/\/www.nlpsicologia.com\/es\/talleres-adopcion\/\",\"url\":\"https:\/\/www.nlpsicologia.com\/es\/talleres-adopcion\/\",\"name\":\"Blog con Materiales de Psicolog\u00eda |\u00a0NL Psicologia\",\"isPartOf\":{\"@id\":\"https:\/\/www.nlpsicologia.com\/es\/#website\"},\"datePublished\":\"2023-08-25T12:13:21+00:00\",\"dateModified\":\"2025-08-31T20:53:10+00:00\",\"description\":\"Mi blog de psicolog\u00eda, escritos relacionados con las tem\u00e1ticas en las que trabajo, ofreciendo materiales de psicolog\u00eda en primera persona\",\"breadcrumb\":{\"@id\":\"https:\/\/www.nlpsicologia.com\/es\/talleres-adopcion\/#breadcrumb\"},\"inLanguage\":\"es\",\"potentialAction\":[{\"@type\":\"ReadAction\",\"target\":[\"https:\/\/www.nlpsicologia.com\/es\/talleres-adopcion\/\"]}]},{\"@type\":\"BreadcrumbList\",\"@id\":\"https:\/\/www.nlpsicologia.com\/es\/talleres-adopcion\/#breadcrumb\",\"itemListElement\":[{\"@type\":\"ListItem\",\"position\":1,\"name\":\"Portada\",\"item\":\"https:\/\/www.nlpsicologia.com\/es\/\"},{\"@type\":\"ListItem\",\"position\":2,\"name\":\"Talleres adopci\u00f3n\"}]},{\"@type\":\"WebSite\",\"@id\":\"https:\/\/www.nlpsicologia.com\/es\/#website\",\"url\":\"https:\/\/www.nlpsicologia.com\/es\/\",\"name\":\"NL Psicologia\",\"description\":\"\",\"potentialAction\":[{\"@type\":\"SearchAction\",\"target\":{\"@type\":\"EntryPoint\",\"urlTemplate\":\"https:\/\/www.nlpsicologia.com\/es\/?s={search_term_string}\"},\"query-input\":{\"@type\":\"PropertyValueSpecification\",\"valueRequired\":true,\"valueName\":\"search_term_string\"}}],\"inLanguage\":\"es\"}]}<\/script>\n<!-- \/ Yoast SEO plugin. -->","yoast_head_json":{"title":"Blog con Materiales de Psicolog\u00eda |\u00a0NL Psicologia","description":"Mi blog de psicolog\u00eda, escritos relacionados con las tem\u00e1ticas en las que trabajo, ofreciendo materiales de psicolog\u00eda en primera persona","robots":{"index":"index","follow":"follow","max-snippet":"max-snippet:-1","max-image-preview":"max-image-preview:large","max-video-preview":"max-video-preview:-1"},"canonical":"https:\/\/www.nlpsicologia.com\/es\/talleres-adopcion\/","og_locale":"es_ES","og_type":"article","og_title":"Blog con Materiales de Psicolog\u00eda |\u00a0NL Psicologia","og_description":"Mi blog de psicolog\u00eda, escritos relacionados con las tem\u00e1ticas en las que trabajo, ofreciendo materiales de psicolog\u00eda en primera persona","og_url":"https:\/\/www.nlpsicologia.com\/es\/talleres-adopcion\/","og_site_name":"NL Psicologia","article_modified_time":"2025-08-31T20:53:10+00:00","twitter_card":"summary_large_image","schema":{"@context":"https:\/\/schema.org","@graph":[{"@type":"WebPage","@id":"https:\/\/www.nlpsicologia.com\/es\/talleres-adopcion\/","url":"https:\/\/www.nlpsicologia.com\/es\/talleres-adopcion\/","name":"Blog con Materiales de Psicolog\u00eda |\u00a0NL Psicologia","isPartOf":{"@id":"https:\/\/www.nlpsicologia.com\/es\/#website"},"datePublished":"2023-08-25T12:13:21+00:00","dateModified":"2025-08-31T20:53:10+00:00","description":"Mi blog de psicolog\u00eda, escritos relacionados con las tem\u00e1ticas en las que trabajo, ofreciendo materiales de psicolog\u00eda en primera persona","breadcrumb":{"@id":"https:\/\/www.nlpsicologia.com\/es\/talleres-adopcion\/#breadcrumb"},"inLanguage":"es","potentialAction":[{"@type":"ReadAction","target":["https:\/\/www.nlpsicologia.com\/es\/talleres-adopcion\/"]}]},{"@type":"BreadcrumbList","@id":"https:\/\/www.nlpsicologia.com\/es\/talleres-adopcion\/#breadcrumb","itemListElement":[{"@type":"ListItem","position":1,"name":"Portada","item":"https:\/\/www.nlpsicologia.com\/es\/"},{"@type":"ListItem","position":2,"name":"Talleres adopci\u00f3n"}]},{"@type":"WebSite","@id":"https:\/\/www.nlpsicologia.com\/es\/#website","url":"https:\/\/www.nlpsicologia.com\/es\/","name":"NL Psicologia","description":"","potentialAction":[{"@type":"SearchAction","target":{"@type":"EntryPoint","urlTemplate":"https:\/\/www.nlpsicologia.com\/es\/?s={search_term_string}"},"query-input":{"@type":"PropertyValueSpecification","valueRequired":true,"valueName":"search_term_string"}}],"inLanguage":"es"}]}},"_links":{"self":[{"href":"https:\/\/www.nlpsicologia.com\/es\/wp-json\/wp\/v2\/pages\/18881","targetHints":{"allow":["GET"]}}],"collection":[{"href":"https:\/\/www.nlpsicologia.com\/es\/wp-json\/wp\/v2\/pages"}],"about":[{"href":"https:\/\/www.nlpsicologia.com\/es\/wp-json\/wp\/v2\/types\/page"}],"author":[{"embeddable":true,"href":"https:\/\/www.nlpsicologia.com\/es\/wp-json\/wp\/v2\/users\/9"}],"replies":[{"embeddable":true,"href":"https:\/\/www.nlpsicologia.com\/es\/wp-json\/wp\/v2\/comments?post=18881"}],"version-history":[{"count":5,"href":"https:\/\/www.nlpsicologia.com\/es\/wp-json\/wp\/v2\/pages\/18881\/revisions"}],"predecessor-version":[{"id":19442,"href":"https:\/\/www.nlpsicologia.com\/es\/wp-json\/wp\/v2\/pages\/18881\/revisions\/19442"}],"wp:attachment":[{"href":"https:\/\/www.nlpsicologia.com\/es\/wp-json\/wp\/v2\/media?parent=18881"}],"curies":[{"name":"wp","href":"https:\/\/api.w.org\/{rel}","templated":true}]}}