{"id":18804,"date":"2022-09-19T12:53:50","date_gmt":"2022-09-19T10:53:50","guid":{"rendered":"https:\/\/www.nlpsicologia.com\/opinions\/"},"modified":"2025-09-04T15:53:50","modified_gmt":"2025-09-04T13:53:50","slug":"opiniones","status":"publish","type":"page","link":"https:\/\/www.nlpsicologia.com\/es\/opiniones\/","title":{"rendered":"OPINIONES"},"content":{"rendered":"","protected":false},"excerpt":{"rendered":"","protected":false},"author":5,"featured_media":0,"parent":0,"menu_order":0,"comment_status":"closed","ping_status":"closed","template":"","meta":{"_joinchat":[],"footnotes":""},"class_list":["post-18804","page","type-page","status-publish","hentry"],"yoast_head":"<!-- This site is optimized with the Yoast SEO plugin v25.8 - https:\/\/yoast.com\/wordpress\/plugins\/seo\/ -->\n<title>Opiniones sobre Nerea Larumbe psicolog\u00eda en A Coru\u00f1a y Barcelona<\/title>\n<meta name=\"description\" content=\"Descubre lo que opinan los pacientes de Nerea Larumbe, psic\u00f3loga especialista en psicopatolog\u00eda cl\u00ednica infantojuvenil y psicolog\u00eda de adultos y en Traumaterapia.\" \/>\n<meta name=\"robots\" content=\"index, follow, max-snippet:-1, max-image-preview:large, max-video-preview:-1\" \/>\n<link rel=\"canonical\" href=\"https:\/\/www.nlpsicologia.com\/es\/opiniones\/\" \/>\n<meta property=\"og:locale\" content=\"es_ES\" \/>\n<meta property=\"og:type\" content=\"article\" \/>\n<meta property=\"og:title\" content=\"Opiniones sobre Nerea Larumbe psicolog\u00eda en A Coru\u00f1a y Barcelona\" \/>\n<meta property=\"og:description\" content=\"Descubre lo que opinan los pacientes de Nerea Larumbe, psic\u00f3loga especialista en psicopatolog\u00eda cl\u00ednica infantojuvenil y psicolog\u00eda de adultos y en Traumaterapia.\" \/>\n<meta property=\"og:url\" content=\"https:\/\/www.nlpsicologia.com\/es\/opiniones\/\" \/>\n<meta property=\"og:site_name\" content=\"NL Psicologia\" \/>\n<meta property=\"article:modified_time\" content=\"2025-09-04T13:53:50+00:00\" \/>\n<meta name=\"twitter:card\" content=\"summary_large_image\" \/>\n<meta name=\"twitter:label1\" content=\"Tiempo de lectura\" \/>\n\t<meta name=\"twitter:data1\" content=\"5 minutos\" \/>\n<script type=\"application\/ld+json\" class=\"yoast-schema-graph\">{\"@context\":\"https:\/\/schema.org\",\"@graph\":[{\"@type\":\"WebPage\",\"@id\":\"https:\/\/www.nlpsicologia.com\/es\/opiniones\/\",\"url\":\"https:\/\/www.nlpsicologia.com\/es\/opiniones\/\",\"name\":\"Opiniones sobre Nerea Larumbe psicolog\u00eda en A Coru\u00f1a y Barcelona\",\"isPartOf\":{\"@id\":\"https:\/\/www.nlpsicologia.com\/es\/#website\"},\"datePublished\":\"2022-09-19T10:53:50+00:00\",\"dateModified\":\"2025-09-04T13:53:50+00:00\",\"description\":\"Descubre lo que opinan los pacientes de Nerea Larumbe, psic\u00f3loga especialista en psicopatolog\u00eda cl\u00ednica infantojuvenil y psicolog\u00eda de adultos y en Traumaterapia.\",\"breadcrumb\":{\"@id\":\"https:\/\/www.nlpsicologia.com\/es\/opiniones\/#breadcrumb\"},\"inLanguage\":\"es\",\"potentialAction\":[{\"@type\":\"ReadAction\",\"target\":[\"https:\/\/www.nlpsicologia.com\/es\/opiniones\/\"]}]},{\"@type\":\"BreadcrumbList\",\"@id\":\"https:\/\/www.nlpsicologia.com\/es\/opiniones\/#breadcrumb\",\"itemListElement\":[{\"@type\":\"ListItem\",\"position\":1,\"name\":\"Portada\",\"item\":\"https:\/\/www.nlpsicologia.com\/es\/\"},{\"@type\":\"ListItem\",\"position\":2,\"name\":\"OPINIONES\"}]},{\"@type\":\"WebSite\",\"@id\":\"https:\/\/www.nlpsicologia.com\/es\/#website\",\"url\":\"https:\/\/www.nlpsicologia.com\/es\/\",\"name\":\"NL Psicologia\",\"description\":\"\",\"potentialAction\":[{\"@type\":\"SearchAction\",\"target\":{\"@type\":\"EntryPoint\",\"urlTemplate\":\"https:\/\/www.nlpsicologia.com\/es\/?s={search_term_string}\"},\"query-input\":{\"@type\":\"PropertyValueSpecification\",\"valueRequired\":true,\"valueName\":\"search_term_string\"}}],\"inLanguage\":\"es\"}]}<\/script>\n<!-- \/ Yoast SEO plugin. -->","yoast_head_json":{"title":"Opiniones sobre Nerea Larumbe psicolog\u00eda en A Coru\u00f1a y Barcelona","description":"Descubre lo que opinan los pacientes de Nerea Larumbe, psic\u00f3loga especialista en psicopatolog\u00eda cl\u00ednica infantojuvenil y psicolog\u00eda de adultos y en Traumaterapia.","robots":{"index":"index","follow":"follow","max-snippet":"max-snippet:-1","max-image-preview":"max-image-preview:large","max-video-preview":"max-video-preview:-1"},"canonical":"https:\/\/www.nlpsicologia.com\/es\/opiniones\/","og_locale":"es_ES","og_type":"article","og_title":"Opiniones sobre Nerea Larumbe psicolog\u00eda en A Coru\u00f1a y Barcelona","og_description":"Descubre lo que opinan los pacientes de Nerea Larumbe, psic\u00f3loga especialista en psicopatolog\u00eda cl\u00ednica infantojuvenil y psicolog\u00eda de adultos y en Traumaterapia.","og_url":"https:\/\/www.nlpsicologia.com\/es\/opiniones\/","og_site_name":"NL Psicologia","article_modified_time":"2025-09-04T13:53:50+00:00","twitter_card":"summary_large_image","twitter_misc":{"Tiempo de lectura":"5 minutos"},"schema":{"@context":"https:\/\/schema.org","@graph":[{"@type":"WebPage","@id":"https:\/\/www.nlpsicologia.com\/es\/opiniones\/","url":"https:\/\/www.nlpsicologia.com\/es\/opiniones\/","name":"Opiniones sobre Nerea Larumbe psicolog\u00eda en A Coru\u00f1a y Barcelona","isPartOf":{"@id":"https:\/\/www.nlpsicologia.com\/es\/#website"},"datePublished":"2022-09-19T10:53:50+00:00","dateModified":"2025-09-04T13:53:50+00:00","description":"Descubre lo que opinan los pacientes de Nerea Larumbe, psic\u00f3loga especialista en psicopatolog\u00eda cl\u00ednica infantojuvenil y psicolog\u00eda de adultos y en Traumaterapia.","breadcrumb":{"@id":"https:\/\/www.nlpsicologia.com\/es\/opiniones\/#breadcrumb"},"inLanguage":"es","potentialAction":[{"@type":"ReadAction","target":["https:\/\/www.nlpsicologia.com\/es\/opiniones\/"]}]},{"@type":"BreadcrumbList","@id":"https:\/\/www.nlpsicologia.com\/es\/opiniones\/#breadcrumb","itemListElement":[{"@type":"ListItem","position":1,"name":"Portada","item":"https:\/\/www.nlpsicologia.com\/es\/"},{"@type":"ListItem","position":2,"name":"OPINIONES"}]},{"@type":"WebSite","@id":"https:\/\/www.nlpsicologia.com\/es\/#website","url":"https:\/\/www.nlpsicologia.com\/es\/","name":"NL Psicologia","description":"","potentialAction":[{"@type":"SearchAction","target":{"@type":"EntryPoint","urlTemplate":"https:\/\/www.nlpsicologia.com\/es\/?s={search_term_string}"},"query-input":{"@type":"PropertyValueSpecification","valueRequired":true,"valueName":"search_term_string"}}],"inLanguage":"es"}]}},"_links":{"self":[{"href":"https:\/\/www.nlpsicologia.com\/es\/wp-json\/wp\/v2\/pages\/18804","targetHints":{"allow":["GET"]}}],"collection":[{"href":"https:\/\/www.nlpsicologia.com\/es\/wp-json\/wp\/v2\/pages"}],"about":[{"href":"https:\/\/www.nlpsicologia.com\/es\/wp-json\/wp\/v2\/types\/page"}],"author":[{"embeddable":true,"href":"https:\/\/www.nlpsicologia.com\/es\/wp-json\/wp\/v2\/users\/5"}],"replies":[{"embeddable":true,"href":"https:\/\/www.nlpsicologia.com\/es\/wp-json\/wp\/v2\/comments?post=18804"}],"version-history":[{"count":6,"href":"https:\/\/www.nlpsicologia.com\/es\/wp-json\/wp\/v2\/pages\/18804\/revisions"}],"predecessor-version":[{"id":19461,"href":"https:\/\/www.nlpsicologia.com\/es\/wp-json\/wp\/v2\/pages\/18804\/revisions\/19461"}],"wp:attachment":[{"href":"https:\/\/www.nlpsicologia.com\/es\/wp-json\/wp\/v2\/media?parent=18804"}],"curies":[{"name":"wp","href":"https:\/\/api.w.org\/{rel}","templated":true}]}}