{"id":18133,"date":"2021-09-15T10:08:10","date_gmt":"2021-09-15T08:08:10","guid":{"rendered":"https:\/\/www.nlpsicologia.com\/infantil-adolescentes-adultos-online-copy\/"},"modified":"2024-09-11T16:17:18","modified_gmt":"2024-09-11T14:17:18","slug":"infantil-adolescentes-adultos-online","status":"publish","type":"page","link":"https:\/\/www.nlpsicologia.com\/es\/infantil-adolescentes-adultos-online\/","title":{"rendered":"PSICOLOG\u00cdA"},"content":{"rendered":"","protected":false},"excerpt":{"rendered":"","protected":false},"author":5,"featured_media":0,"parent":0,"menu_order":0,"comment_status":"closed","ping_status":"closed","template":"","meta":{"_joinchat":[],"footnotes":""},"class_list":["post-18133","page","type-page","status-publish","hentry"],"yoast_head":"<!-- This site is optimized with the Yoast SEO plugin v25.8 - https:\/\/yoast.com\/wordpress\/plugins\/seo\/ -->\n<title>Psic\u00f3logo Infantil, Adolescentes y Adultos en A Coru\u00f1a | Psicolog\u00eda Online<\/title>\n<meta name=\"description\" content=\"Psic\u00f3logo infantil, para adolescentes y adultos en A Coru\u00f1a | Tambi\u00e9n Psicolog\u00eda Online | Resultados, orientaci\u00f3n terap\u00e9utica y asesoramiento\" \/>\n<meta name=\"robots\" content=\"index, follow, max-snippet:-1, max-image-preview:large, max-video-preview:-1\" \/>\n<link rel=\"canonical\" href=\"https:\/\/www.nlpsicologia.com\/es\/infantil-adolescentes-adultos-online\/\" \/>\n<meta property=\"og:locale\" content=\"es_ES\" \/>\n<meta property=\"og:type\" content=\"article\" \/>\n<meta property=\"og:title\" content=\"Psic\u00f3logo Infantil, Adolescentes y Adultos en A Coru\u00f1a | Psicolog\u00eda Online\" \/>\n<meta property=\"og:description\" content=\"Psic\u00f3logo infantil, para adolescentes y adultos en A Coru\u00f1a | Tambi\u00e9n Psicolog\u00eda Online | Resultados, orientaci\u00f3n terap\u00e9utica y asesoramiento\" \/>\n<meta property=\"og:url\" content=\"https:\/\/www.nlpsicologia.com\/es\/infantil-adolescentes-adultos-online\/\" \/>\n<meta property=\"og:site_name\" content=\"NL Psicologia\" \/>\n<meta property=\"article:modified_time\" content=\"2024-09-11T14:17:18+00:00\" \/>\n<meta name=\"twitter:card\" content=\"summary_large_image\" \/>\n<meta name=\"twitter:label1\" content=\"Tiempo de lectura\" \/>\n\t<meta name=\"twitter:data1\" content=\"4 minutos\" \/>\n<script type=\"application\/ld+json\" class=\"yoast-schema-graph\">{\"@context\":\"https:\/\/schema.org\",\"@graph\":[{\"@type\":\"WebPage\",\"@id\":\"https:\/\/www.nlpsicologia.com\/es\/infantil-adolescentes-adultos-online\/\",\"url\":\"https:\/\/www.nlpsicologia.com\/es\/infantil-adolescentes-adultos-online\/\",\"name\":\"Psic\u00f3logo Infantil, Adolescentes y Adultos en A Coru\u00f1a | Psicolog\u00eda Online\",\"isPartOf\":{\"@id\":\"https:\/\/www.nlpsicologia.com\/es\/#website\"},\"datePublished\":\"2021-09-15T08:08:10+00:00\",\"dateModified\":\"2024-09-11T14:17:18+00:00\",\"description\":\"Psic\u00f3logo infantil, para adolescentes y adultos en A Coru\u00f1a | Tambi\u00e9n Psicolog\u00eda Online | Resultados, orientaci\u00f3n terap\u00e9utica y asesoramiento\",\"breadcrumb\":{\"@id\":\"https:\/\/www.nlpsicologia.com\/es\/infantil-adolescentes-adultos-online\/#breadcrumb\"},\"inLanguage\":\"es\",\"potentialAction\":[{\"@type\":\"ReadAction\",\"target\":[\"https:\/\/www.nlpsicologia.com\/es\/infantil-adolescentes-adultos-online\/\"]}]},{\"@type\":\"BreadcrumbList\",\"@id\":\"https:\/\/www.nlpsicologia.com\/es\/infantil-adolescentes-adultos-online\/#breadcrumb\",\"itemListElement\":[{\"@type\":\"ListItem\",\"position\":1,\"name\":\"Portada\",\"item\":\"https:\/\/www.nlpsicologia.com\/es\/\"},{\"@type\":\"ListItem\",\"position\":2,\"name\":\"PSICOLOG\u00cdA\"}]},{\"@type\":\"WebSite\",\"@id\":\"https:\/\/www.nlpsicologia.com\/es\/#website\",\"url\":\"https:\/\/www.nlpsicologia.com\/es\/\",\"name\":\"NL Psicologia\",\"description\":\"\",\"potentialAction\":[{\"@type\":\"SearchAction\",\"target\":{\"@type\":\"EntryPoint\",\"urlTemplate\":\"https:\/\/www.nlpsicologia.com\/es\/?s={search_term_string}\"},\"query-input\":{\"@type\":\"PropertyValueSpecification\",\"valueRequired\":true,\"valueName\":\"search_term_string\"}}],\"inLanguage\":\"es\"}]}<\/script>\n<!-- \/ Yoast SEO plugin. -->","yoast_head_json":{"title":"Psic\u00f3logo Infantil, Adolescentes y Adultos en A Coru\u00f1a | Psicolog\u00eda Online","description":"Psic\u00f3logo infantil, para adolescentes y adultos en A Coru\u00f1a | Tambi\u00e9n Psicolog\u00eda Online | Resultados, orientaci\u00f3n terap\u00e9utica y asesoramiento","robots":{"index":"index","follow":"follow","max-snippet":"max-snippet:-1","max-image-preview":"max-image-preview:large","max-video-preview":"max-video-preview:-1"},"canonical":"https:\/\/www.nlpsicologia.com\/es\/infantil-adolescentes-adultos-online\/","og_locale":"es_ES","og_type":"article","og_title":"Psic\u00f3logo Infantil, Adolescentes y Adultos en A Coru\u00f1a | Psicolog\u00eda Online","og_description":"Psic\u00f3logo infantil, para adolescentes y adultos en A Coru\u00f1a | Tambi\u00e9n Psicolog\u00eda Online | Resultados, orientaci\u00f3n terap\u00e9utica y asesoramiento","og_url":"https:\/\/www.nlpsicologia.com\/es\/infantil-adolescentes-adultos-online\/","og_site_name":"NL Psicologia","article_modified_time":"2024-09-11T14:17:18+00:00","twitter_card":"summary_large_image","twitter_misc":{"Tiempo de lectura":"4 minutos"},"schema":{"@context":"https:\/\/schema.org","@graph":[{"@type":"WebPage","@id":"https:\/\/www.nlpsicologia.com\/es\/infantil-adolescentes-adultos-online\/","url":"https:\/\/www.nlpsicologia.com\/es\/infantil-adolescentes-adultos-online\/","name":"Psic\u00f3logo Infantil, Adolescentes y Adultos en A Coru\u00f1a | Psicolog\u00eda Online","isPartOf":{"@id":"https:\/\/www.nlpsicologia.com\/es\/#website"},"datePublished":"2021-09-15T08:08:10+00:00","dateModified":"2024-09-11T14:17:18+00:00","description":"Psic\u00f3logo infantil, para adolescentes y adultos en A Coru\u00f1a | Tambi\u00e9n Psicolog\u00eda Online | Resultados, orientaci\u00f3n terap\u00e9utica y asesoramiento","breadcrumb":{"@id":"https:\/\/www.nlpsicologia.com\/es\/infantil-adolescentes-adultos-online\/#breadcrumb"},"inLanguage":"es","potentialAction":[{"@type":"ReadAction","target":["https:\/\/www.nlpsicologia.com\/es\/infantil-adolescentes-adultos-online\/"]}]},{"@type":"BreadcrumbList","@id":"https:\/\/www.nlpsicologia.com\/es\/infantil-adolescentes-adultos-online\/#breadcrumb","itemListElement":[{"@type":"ListItem","position":1,"name":"Portada","item":"https:\/\/www.nlpsicologia.com\/es\/"},{"@type":"ListItem","position":2,"name":"PSICOLOG\u00cdA"}]},{"@type":"WebSite","@id":"https:\/\/www.nlpsicologia.com\/es\/#website","url":"https:\/\/www.nlpsicologia.com\/es\/","name":"NL Psicologia","description":"","potentialAction":[{"@type":"SearchAction","target":{"@type":"EntryPoint","urlTemplate":"https:\/\/www.nlpsicologia.com\/es\/?s={search_term_string}"},"query-input":{"@type":"PropertyValueSpecification","valueRequired":true,"valueName":"search_term_string"}}],"inLanguage":"es"}]}},"_links":{"self":[{"href":"https:\/\/www.nlpsicologia.com\/es\/wp-json\/wp\/v2\/pages\/18133","targetHints":{"allow":["GET"]}}],"collection":[{"href":"https:\/\/www.nlpsicologia.com\/es\/wp-json\/wp\/v2\/pages"}],"about":[{"href":"https:\/\/www.nlpsicologia.com\/es\/wp-json\/wp\/v2\/types\/page"}],"author":[{"embeddable":true,"href":"https:\/\/www.nlpsicologia.com\/es\/wp-json\/wp\/v2\/users\/5"}],"replies":[{"embeddable":true,"href":"https:\/\/www.nlpsicologia.com\/es\/wp-json\/wp\/v2\/comments?post=18133"}],"version-history":[{"count":5,"href":"https:\/\/www.nlpsicologia.com\/es\/wp-json\/wp\/v2\/pages\/18133\/revisions"}],"predecessor-version":[{"id":19245,"href":"https:\/\/www.nlpsicologia.com\/es\/wp-json\/wp\/v2\/pages\/18133\/revisions\/19245"}],"wp:attachment":[{"href":"https:\/\/www.nlpsicologia.com\/es\/wp-json\/wp\/v2\/media?parent=18133"}],"curies":[{"name":"wp","href":"https:\/\/api.w.org\/{rel}","templated":true}]}}